{"id":497,"date":"2025-08-29T09:34:54","date_gmt":"2025-08-29T09:34:54","guid":{"rendered":"https:\/\/www.crop-control.com\/?post_type=product&#038;p=497"},"modified":"2025-10-02T13:20:07","modified_gmt":"2025-10-02T13:20:07","slug":"adybac-1001","status":"publish","type":"product","link":"https:\/\/www.crop-control.com\/de\/adybac-1001\/","title":{"rendered":"ADYBAC 1001 - Total Release Vernebler"},"content":{"rendered":"<h2 data-start=\"960\" data-end=\"976\">Anmeldung<\/h2>\n<p data-start=\"977\" data-end=\"1238\">Platzieren Sie den Nebler in dem gew\u00fcnschten Bereich, dr\u00fccken Sie zum Aktivieren auf die Taste und verlassen Sie den Raum, w\u00e4hrend sich das Produkt automatisch verteilt. Der ultrafeine Nebel erreicht alle Oberfl\u00e4chen, Ritzen und versteckten Bereiche, in denen sich h\u00e4ufig Sch\u00e4dlinge wie Spinnmilben, Thripse und Wei\u00dfe Fliegen aufhalten.<\/p>\n<div><strong>Empfohlene Verwendung:<\/strong><\/div>\n<ul>\n<li>Bereiten Sie den Raum vor: Schlie\u00dfen Sie T\u00fcren und Fenster, schalten Sie die Bel\u00fcftung aus und lassen Sie die Ventilatoren im Raum laufen.<\/li>\n<li>Platzieren Sie die Dose: Stellen Sie die Dose in der Mitte des Raumes auf, entfernen Sie den Sicherheitsverschluss und aktivieren Sie die Spr\u00fchd\u00fcse.<\/li>\n<li>Verlassen Sie den Raum: Lassen Sie w\u00e4hrend der Anwendung keine Menschen oder Tiere im Raum.<\/li>\n<li>Reaktionszeit: Den Raum mindestens 12 Stunden lang geschlossen halten, dann gr\u00fcndlich l\u00fcften.<\/li>\n<li>Nachbereitung: Reinigen Sie die Oberfl\u00e4chen, bevor Sie den Raum wieder benutzen.<\/li>\n<\/ul>\n<h2 data-start=\"1240\" data-end=\"1260\">Verf\u00fcgbare Gr\u00f6\u00dfen<\/h2>\n<p data-start=\"1261\" data-end=\"1320\">Die <strong data-start=\"1265\" data-end=\"1301\">ADYBAC 1001 Total Release Vernebler<\/strong> ist erh\u00e4ltlich in:<\/p>\n<ul data-start=\"1321\" data-end=\"1454\">\n<li data-start=\"1321\" data-end=\"1385\">\n<p data-start=\"1323\" data-end=\"1385\"><strong data-start=\"1323\" data-end=\"1333\">100 ml<\/strong> - ideal f\u00fcr kleinere Zuchtr\u00e4ume und kompakte R\u00e4ume<\/p>\n<\/li>\n<li data-start=\"1386\" data-end=\"1454\">\n<p data-start=\"1388\" data-end=\"1454\"><strong data-start=\"1388\" data-end=\"1398\">250 ml<\/strong> - perfekt f\u00fcr gr\u00f6\u00dfere Gew\u00e4chsh\u00e4user oder Anbaufl\u00e4chen<\/p>\n<\/li>\n<\/ul>\n<h2 data-start=\"1456\" data-end=\"1486\">Vollst\u00e4ndiger Pflanzenschutz<\/h2>\n<p data-start=\"1487\" data-end=\"1695\">Mit <strong data-start=\"1492\" data-end=\"1507\">ADYBAC 1001<\/strong>k\u00f6nnen die Erzeuger sicherstellen <strong data-start=\"1528\" data-end=\"1556\">fl\u00e4chendeckende Insektenbek\u00e4mpfung<\/strong> auf einfache, zuverl\u00e4ssige und effiziente Weise. Es ist die ideale L\u00f6sung sowohl f\u00fcr professionelle Anbaubetriebe als auch f\u00fcr ernsthafte Hobbyz\u00fcchter.<\/p>","protected":false},"excerpt":{"rendered":"<p data-start=\"230\" data-end=\"521\"><strong data-start=\"230\" data-end=\"266\">ADYBAC 1001 Total Release Vernebler<\/strong> ist eine leistungsstarke und einfach zu bedienende L\u00f6sung f\u00fcr die vollst\u00e4ndige Behandlung von Innenanbaugebieten. Dieser One-Shot Nebler setzt einen feinen Nebel frei, der selbst in die kleinsten Ecken eindringt und f\u00fcr <strong data-start=\"462\" data-end=\"480\">Gesamtdeckung<\/strong> zur wirksamen Bek\u00e4mpfung von Insekten und Sch\u00e4dlingen.<\/p>\n<h3 data-start=\"523\" data-end=\"551\">Warum ADYBAC 1001 w\u00e4hlen?<\/h3>\n<ul data-start=\"552\" data-end=\"958\">\n<li data-start=\"552\" data-end=\"640\">\n<p data-start=\"554\" data-end=\"640\"><strong data-start=\"554\" data-end=\"582\">Technologie der vollst\u00e4ndigen Freisetzung<\/strong> - gew\u00e4hrleistet eine vollst\u00e4ndige Verteilung im gesamten Anbaugebiet<\/p>\n<\/li>\n<li data-start=\"641\" data-end=\"725\">\n<p data-start=\"643\" data-end=\"725\"><strong data-start=\"643\" data-end=\"665\">Schnell und effektiv<\/strong> - reduziert schnell die Sch\u00e4dlingspopulationen an schwer zug\u00e4nglichen Stellen<\/p>\n<\/li>\n<li data-start=\"726\" data-end=\"815\">\n<p data-start=\"728\" data-end=\"815\"><strong data-start=\"728\" data-end=\"743\">Einfach zu bedienen<\/strong> - einfach den Kanister aufsetzen, aktivieren und den Nebler die Arbeit machen lassen<\/p>\n<\/li>\n<li data-start=\"816\" data-end=\"878\">\n<p data-start=\"818\" data-end=\"878\"><strong data-start=\"818\" data-end=\"876\">Geeignet f\u00fcr Zuchtr\u00e4ume, Gew\u00e4chsh\u00e4user und Lagerr\u00e4ume<\/strong><\/p>\n<\/li>\n<li data-start=\"879\" data-end=\"958\">\n<p data-start=\"881\" data-end=\"958\"><strong data-start=\"881\" data-end=\"905\">Hilft, Pflanzen zu sch\u00fctzen<\/strong> - h\u00e4lt die Kulturen mit minimalem Aufwand sicher und gesund<\/p>\n<\/li>\n<\/ul>","protected":false},"featured_media":137,"comment_status":"closed","ping_status":"closed","template":"","meta":[],"product_brand":[19],"product_cat":[21,15],"product_tag":[],"class_list":{"0":"post-497","1":"product","2":"type-product","3":"status-publish","4":"has-post-thumbnail","6":"product_brand-crop-control","7":"product_cat-total-release-foggers","8":"product_cat-all-products","10":"first","11":"instock","12":"taxable","13":"shipping-taxable","14":"product-type-simple"},"_links":{"self":[{"href":"https:\/\/www.crop-control.com\/de\/wp-json\/wp\/v2\/product\/497","targetHints":{"allow":["GET"]}}],"collection":[{"href":"https:\/\/www.crop-control.com\/de\/wp-json\/wp\/v2\/product"}],"about":[{"href":"https:\/\/www.crop-control.com\/de\/wp-json\/wp\/v2\/types\/product"}],"replies":[{"embeddable":true,"href":"https:\/\/www.crop-control.com\/de\/wp-json\/wp\/v2\/comments?post=497"}],"wp:featuredmedia":[{"embeddable":true,"href":"https:\/\/www.crop-control.com\/de\/wp-json\/wp\/v2\/media\/137"}],"wp:attachment":[{"href":"https:\/\/www.crop-control.com\/de\/wp-json\/wp\/v2\/media?parent=497"}],"wp:term":[{"taxonomy":"product_brand","embeddable":true,"href":"https:\/\/www.crop-control.com\/de\/wp-json\/wp\/v2\/product_brand?post=497"},{"taxonomy":"product_cat","embeddable":true,"href":"https:\/\/www.crop-control.com\/de\/wp-json\/wp\/v2\/product_cat?post=497"},{"taxonomy":"product_tag","embeddable":true,"href":"https:\/\/www.crop-control.com\/de\/wp-json\/wp\/v2\/product_tag?post=497"}],"curies":[{"name":"wp","href":"https:\/\/api.w.org\/{rel}","templated":true}]}}