{"id":496,"date":"2025-08-29T09:33:50","date_gmt":"2025-08-29T09:33:50","guid":{"rendered":"https:\/\/www.crop-control.com\/?post_type=product&#038;p=496"},"modified":"2025-10-02T13:16:26","modified_gmt":"2025-10-02T13:16:26","slug":"adykill","status":"publish","type":"product","link":"https:\/\/www.crop-control.com\/de\/adykill\/","title":{"rendered":"ADYKILL - Biologischer Insektenfilm"},"content":{"rendered":"<h2>Anwendung und Dosierung:<\/h2>\n<div><\/div>\n<div><strong>Dosierung:<\/strong><\/div>\n<div>0,5-0,7 ml pro Liter Wasser (0,05-0,07%)<\/div>\n<div>5-7 ml pro 10 Liter Wasser (0,05-0,07%)<\/div>\n<div><\/div>\n<p>&nbsp;<\/p>\n<div><strong>Anwendung:<\/strong><\/div>\n<ul>\n<li>ADYKILL in kaltem Wasser mischen.<\/li>\n<li>Gut sch\u00fctteln und mit einem feinen Zerst\u00e4uber auftragen.<\/li>\n<li>Befeuchten Sie die Unterseiten der Bl\u00e4tter und St\u00e4ngel gr\u00fcndlich.<\/li>\n<li>Cannabisbl\u00fcten ab der 5. Bl\u00fctewoche nicht mehr direkt bespr\u00fchen!<\/li>\n<li>Bei aktivem Befall alle 5-7 Tage wiederholen, zur Vorbeugung alle 15 Tage.<\/li>\n<li>Nicht bei Regen oder starker Sonneneinstrahlung auftragen.<\/li>\n<li>Bei Bedarf einfach mit klarem Wasser abwaschen.<\/li>\n<\/ul>\n<p>&nbsp;<\/p>\n<p data-start=\"1027\" data-end=\"1102\">ADYKILL wird als Spray direkt auf die Pflanzen gespr\u00fcht. F\u00fcr beste Ergebnisse:<\/p>\n<ol data-start=\"1103\" data-end=\"1277\">\n<li data-start=\"1103\" data-end=\"1130\">\n<p data-start=\"1106\" data-end=\"1130\">Vor Gebrauch gut sch\u00fctteln.<\/p>\n<\/li>\n<li data-start=\"1131\" data-end=\"1212\">\n<p data-start=\"1134\" data-end=\"1212\">Spr\u00fchen Sie gleichm\u00e4\u00dfig auf Bl\u00e4tter (einschlie\u00dflich der Unterseiten), St\u00e4ngel und betroffene Stellen.<\/p>\n<\/li>\n<li data-start=\"1213\" data-end=\"1277\">\n<p data-start=\"1216\" data-end=\"1277\">Wiederholen Sie die Behandlung nach Bedarf, um die Pflanzen sch\u00e4dlingsfrei zu halten.<\/p>\n<\/li>\n<\/ol>\n<p data-start=\"1279\" data-end=\"1390\">Die Formel sorgt daf\u00fcr, dass die Pflanzen gesund und kr\u00e4ftig bleiben, ohne auf aggressive chemische Pestizide angewiesen zu sein.<\/p>\n<h2 data-start=\"1392\" data-end=\"1425\">Nachhaltiger Pflanzenschutz<\/h2>\n<p data-start=\"1426\" data-end=\"1646\">Mit <strong data-start=\"1431\" data-end=\"1442\">ADYKILL<\/strong>k\u00f6nnen Sie auf ein Produkt vertrauen, das eine zuverl\u00e4ssige Sch\u00e4dlingsbek\u00e4mpfung bietet und gleichzeitig die Natur respektiert. Es ist die ideale Wahl f\u00fcr Landwirte, die beides wollen <strong data-start=\"1581\" data-end=\"1599\">gesunde Pflanzen<\/strong> und ein <strong data-start=\"1607\" data-end=\"1643\">umweltfreundliches Anbauumfeld<\/strong>.<\/p>","protected":false},"excerpt":{"rendered":"<p><strong data-start=\"259\" data-end=\"270\">ADYKILL<\/strong> ist eine wirksame und dennoch nat\u00fcrliche L\u00f6sung zum Schutz von Pflanzen vor sch\u00e4dlichen Insekten. ADYKILL ist frei von Chemikalien und besteht aus sorgf\u00e4ltig ausgew\u00e4hlten nat\u00fcrlichen Inhaltsstoffen. Es bietet Landwirten eine wirksame M\u00f6glichkeit, ihre Pflanzen zu sch\u00fctzen und gleichzeitig nachhaltige Anbaumethoden zu unterst\u00fctzen.<\/p>\n<h3 data-start=\"552\" data-end=\"576\">Warum ADYKILL w\u00e4hlen?<\/h3>\n<ul data-start=\"577\" data-end=\"1008\">\n<li data-start=\"577\" data-end=\"654\">\n<p data-start=\"579\" data-end=\"654\"><strong data-start=\"579\" data-end=\"595\">100% natur<\/strong> - keine chemischen Zusatzstoffe, sicher f\u00fcr den biologischen Anbau<\/p>\n<\/li>\n<li data-start=\"655\" data-end=\"764\">\n<p data-start=\"657\" data-end=\"764\"><strong data-start=\"657\" data-end=\"681\">Wirksamer Schutz<\/strong> - wirkt gegen h\u00e4ufige Sch\u00e4dlinge wie Spinnmilben, Blattl\u00e4use, Thripse und Wei\u00dfe Fliegen<\/p>\n<\/li>\n<li data-start=\"765\" data-end=\"851\">\n<p data-start=\"767\" data-end=\"851\"><strong data-start=\"767\" data-end=\"787\">Schonend f\u00fcr Pflanzen<\/strong> - sch\u00fctzt, ohne Bl\u00e4tter, St\u00e4ngel oder Bl\u00fcten zu besch\u00e4digen<\/p>\n<\/li>\n<li data-start=\"852\" data-end=\"913\">\n<p data-start=\"854\" data-end=\"913\"><strong data-start=\"854\" data-end=\"870\">Umweltfreundlich<\/strong> - biologisch abbaubar und umweltvertr\u00e4glich<\/p>\n<\/li>\n<li data-start=\"914\" data-end=\"1008\">\n<p data-start=\"916\" data-end=\"1008\"><strong data-start=\"916\" data-end=\"933\">Vielseitiger Einsatz<\/strong> - geeignet f\u00fcr Pflanzen im Innen- und Au\u00dfenbereich, in Erde, Kokos oder Hydro-Systemen<\/p>\n<\/li>\n<\/ul>","protected":false},"featured_media":133,"comment_status":"closed","ping_status":"closed","template":"","meta":[],"product_brand":[19],"product_cat":[15,20],"product_tag":[],"class_list":{"0":"post-496","1":"product","2":"type-product","3":"status-publish","4":"has-post-thumbnail","6":"product_brand-crop-control","7":"product_cat-all-products","8":"product_cat-biological-control","10":"first","11":"instock","12":"taxable","13":"shipping-taxable","14":"product-type-simple"},"_links":{"self":[{"href":"https:\/\/www.crop-control.com\/de\/wp-json\/wp\/v2\/product\/496","targetHints":{"allow":["GET"]}}],"collection":[{"href":"https:\/\/www.crop-control.com\/de\/wp-json\/wp\/v2\/product"}],"about":[{"href":"https:\/\/www.crop-control.com\/de\/wp-json\/wp\/v2\/types\/product"}],"replies":[{"embeddable":true,"href":"https:\/\/www.crop-control.com\/de\/wp-json\/wp\/v2\/comments?post=496"}],"wp:featuredmedia":[{"embeddable":true,"href":"https:\/\/www.crop-control.com\/de\/wp-json\/wp\/v2\/media\/133"}],"wp:attachment":[{"href":"https:\/\/www.crop-control.com\/de\/wp-json\/wp\/v2\/media?parent=496"}],"wp:term":[{"taxonomy":"product_brand","embeddable":true,"href":"https:\/\/www.crop-control.com\/de\/wp-json\/wp\/v2\/product_brand?post=496"},{"taxonomy":"product_cat","embeddable":true,"href":"https:\/\/www.crop-control.com\/de\/wp-json\/wp\/v2\/product_cat?post=496"},{"taxonomy":"product_tag","embeddable":true,"href":"https:\/\/www.crop-control.com\/de\/wp-json\/wp\/v2\/product_tag?post=496"}],"curies":[{"name":"wp","href":"https:\/\/api.w.org\/{rel}","templated":true}]}}